{"id":8060,"date":"2024-04-11T13:18:33","date_gmt":"2024-04-11T11:18:33","guid":{"rendered":"https:\/\/medincus.pl\/%d0%be-%d0%bd%d0%b0%d1%81\/%d0%bf%d1%80%d0%b5%d1%81%d1%81-%d1%81%d0%bb%d1%83%d0%b6%d0%b1%d0%b0\/"},"modified":"2025-10-22T17:15:22","modified_gmt":"2025-10-22T15:15:22","slug":"%d0%bf%d1%80%d0%b5%d1%81%d1%81-%d1%81%d0%bb%d1%83%d0%b6%d0%b1%d0%b0","status":"publish","type":"page","link":"https:\/\/medincus.pl\/ru\/about-us\/%D0%BF%D1%80%D0%B5%D1%81%D1%81-%D1%81%D0%BB%D1%83%D0%B6%D0%B1%D0%B0\/","title":{"rendered":"\u041f\u0440\u0435\u0441\u0441-\u0441\u043b\u0443\u0436\u0431\u0430"},"content":{"rendered":"","protected":false},"excerpt":{"rendered":"","protected":false},"author":1,"featured_media":0,"parent":7993,"menu_order":6,"comment_status":"closed","ping_status":"closed","template":"template-generate.php","meta":{"_acf_changed":false,"inline_featured_image":false,"iawp_total_views":3,"footnotes":""},"class_list":["post-8060","page","type-page","status-publish","hentry"],"acf":[],"yoast_head":"<!-- This site is optimized with the Yoast SEO Premium plugin v23.6 (Yoast SEO v23.6) - https:\/\/yoast.com\/wordpress\/plugins\/seo\/ -->\n<title>\u041f\u0440\u0435\u0441\u0441-\u0441\u043b\u0443\u0436\u0431\u0430 - CSIM<\/title>\n<meta name=\"description\" content=\"Centrum S\u0142uchu i Mowy dok\u0142ada wszelkich stara\u0144 w trosce o jako\u015b\u0107 \u015bwiadczonych us\u0142ug, wysokie standardy oraz komfort i dobre samopoczucie pacjent\u00f3w.\" \/>\n<meta name=\"robots\" content=\"index, follow, max-snippet:-1, max-image-preview:large, max-video-preview:-1\" \/>\n<link rel=\"canonical\" href=\"https:\/\/medincus.pl\/ru\/about-us\/\u043f\u0440\u0435\u0441\u0441-\u0441\u043b\u0443\u0436\u0431\u0430\/\" \/>\n<meta property=\"og:locale\" content=\"ru_RU\" \/>\n<meta property=\"og:type\" content=\"article\" \/>\n<meta property=\"og:title\" content=\"\u041f\u0440\u0435\u0441\u0441-\u0441\u043b\u0443\u0436\u0431\u0430\" \/>\n<meta property=\"og:description\" content=\"Centrum S\u0142uchu i Mowy dok\u0142ada wszelkich stara\u0144 w trosce o jako\u015b\u0107 \u015bwiadczonych us\u0142ug, wysokie standardy oraz komfort i dobre samopoczucie pacjent\u00f3w.\" \/>\n<meta property=\"og:url\" content=\"https:\/\/medincus.pl\/ru\/about-us\/\u043f\u0440\u0435\u0441\u0441-\u0441\u043b\u0443\u0436\u0431\u0430\/\" \/>\n<meta property=\"og:site_name\" content=\"CSIM\" \/>\n<meta property=\"article:publisher\" content=\"https:\/\/www.facebook.com\/medincuspl\" \/>\n<meta property=\"article:modified_time\" content=\"2025-10-22T15:15:22+00:00\" \/>\n<meta property=\"og:image\" content=\"https:\/\/medincus.pl\/wp-content\/uploads\/2024\/05\/opengraph.png\" \/>\n\t<meta property=\"og:image:width\" content=\"1200\" \/>\n\t<meta property=\"og:image:height\" content=\"629\" \/>\n\t<meta property=\"og:image:type\" content=\"image\/png\" \/>\n<meta name=\"twitter:card\" content=\"summary_large_image\" \/>\n<script type=\"application\/ld+json\" class=\"yoast-schema-graph\">{\"@context\":\"https:\/\/schema.org\",\"@graph\":[{\"@type\":\"WebPage\",\"@id\":\"https:\/\/medincus.pl\/ru\/about-us\/%D0%BF%D1%80%D0%B5%D1%81%D1%81-%D1%81%D0%BB%D1%83%D0%B6%D0%B1%D0%B0\/\",\"url\":\"https:\/\/medincus.pl\/ru\/about-us\/%D0%BF%D1%80%D0%B5%D1%81%D1%81-%D1%81%D0%BB%D1%83%D0%B6%D0%B1%D0%B0\/\",\"name\":\"\u041f\u0440\u0435\u0441\u0441-\u0441\u043b\u0443\u0436\u0431\u0430 - CSIM\",\"isPartOf\":{\"@id\":\"https:\/\/medincus.pl\/ru\/#website\"},\"datePublished\":\"2024-04-11T11:18:33+00:00\",\"dateModified\":\"2025-10-22T15:15:22+00:00\",\"description\":\"Centrum S\u0142uchu i Mowy dok\u0142ada wszelkich stara\u0144 w trosce o jako\u015b\u0107 \u015bwiadczonych us\u0142ug, wysokie standardy oraz komfort i dobre samopoczucie pacjent\u00f3w.\",\"breadcrumb\":{\"@id\":\"https:\/\/medincus.pl\/ru\/about-us\/%D0%BF%D1%80%D0%B5%D1%81%D1%81-%D1%81%D0%BB%D1%83%D0%B6%D0%B1%D0%B0\/#breadcrumb\"},\"inLanguage\":\"ru-RU\",\"potentialAction\":[{\"@type\":\"ReadAction\",\"target\":[\"https:\/\/medincus.pl\/ru\/about-us\/%D0%BF%D1%80%D0%B5%D1%81%D1%81-%D1%81%D0%BB%D1%83%D0%B6%D0%B1%D0%B0\/\"]}]},{\"@type\":\"BreadcrumbList\",\"@id\":\"https:\/\/medincus.pl\/ru\/about-us\/%D0%BF%D1%80%D0%B5%D1%81%D1%81-%D1%81%D0%BB%D1%83%D0%B6%D0%B1%D0%B0\/#breadcrumb\",\"itemListElement\":[{\"@type\":\"ListItem\",\"position\":1,\"name\":\"Strona g\u0142\u00f3wna\",\"item\":\"https:\/\/medincus.pl\/ru\/\"},{\"@type\":\"ListItem\",\"position\":2,\"name\":\"\u041e \u043d\u0430\u0441\",\"item\":\"https:\/\/medincus.pl\/ru\/about-us\/\"},{\"@type\":\"ListItem\",\"position\":3,\"name\":\"\u041f\u0440\u0435\u0441\u0441-\u0441\u043b\u0443\u0436\u0431\u0430\"}]},{\"@type\":\"WebSite\",\"@id\":\"https:\/\/medincus.pl\/ru\/#website\",\"url\":\"https:\/\/medincus.pl\/ru\/\",\"name\":\"MEDINCUS\",\"description\":\"\",\"alternateName\":\"Centrum S\u0142uchu i Mowy Medincus\",\"potentialAction\":[{\"@type\":\"SearchAction\",\"target\":{\"@type\":\"EntryPoint\",\"urlTemplate\":\"https:\/\/medincus.pl\/ru\/?s={search_term_string}\"},\"query-input\":{\"@type\":\"PropertyValueSpecification\",\"valueRequired\":true,\"valueName\":\"search_term_string\"}}],\"inLanguage\":\"ru-RU\"}]}<\/script>\n<!-- \/ Yoast SEO Premium plugin. -->","yoast_head_json":{"title":"\u041f\u0440\u0435\u0441\u0441-\u0441\u043b\u0443\u0436\u0431\u0430 - CSIM","description":"Centrum S\u0142uchu i Mowy dok\u0142ada wszelkich stara\u0144 w trosce o jako\u015b\u0107 \u015bwiadczonych us\u0142ug, wysokie standardy oraz komfort i dobre samopoczucie pacjent\u00f3w.","robots":{"index":"index","follow":"follow","max-snippet":"max-snippet:-1","max-image-preview":"max-image-preview:large","max-video-preview":"max-video-preview:-1"},"canonical":"https:\/\/medincus.pl\/ru\/about-us\/\u043f\u0440\u0435\u0441\u0441-\u0441\u043b\u0443\u0436\u0431\u0430\/","og_locale":"ru_RU","og_type":"article","og_title":"\u041f\u0440\u0435\u0441\u0441-\u0441\u043b\u0443\u0436\u0431\u0430","og_description":"Centrum S\u0142uchu i Mowy dok\u0142ada wszelkich stara\u0144 w trosce o jako\u015b\u0107 \u015bwiadczonych us\u0142ug, wysokie standardy oraz komfort i dobre samopoczucie pacjent\u00f3w.","og_url":"https:\/\/medincus.pl\/ru\/about-us\/\u043f\u0440\u0435\u0441\u0441-\u0441\u043b\u0443\u0436\u0431\u0430\/","og_site_name":"CSIM","article_publisher":"https:\/\/www.facebook.com\/medincuspl","article_modified_time":"2025-10-22T15:15:22+00:00","og_image":[{"width":1200,"height":629,"url":"https:\/\/medincus.pl\/wp-content\/uploads\/2024\/05\/opengraph.png","type":"image\/png"}],"twitter_card":"summary_large_image","schema":{"@context":"https:\/\/schema.org","@graph":[{"@type":"WebPage","@id":"https:\/\/medincus.pl\/ru\/about-us\/%D0%BF%D1%80%D0%B5%D1%81%D1%81-%D1%81%D0%BB%D1%83%D0%B6%D0%B1%D0%B0\/","url":"https:\/\/medincus.pl\/ru\/about-us\/%D0%BF%D1%80%D0%B5%D1%81%D1%81-%D1%81%D0%BB%D1%83%D0%B6%D0%B1%D0%B0\/","name":"\u041f\u0440\u0435\u0441\u0441-\u0441\u043b\u0443\u0436\u0431\u0430 - CSIM","isPartOf":{"@id":"https:\/\/medincus.pl\/ru\/#website"},"datePublished":"2024-04-11T11:18:33+00:00","dateModified":"2025-10-22T15:15:22+00:00","description":"Centrum S\u0142uchu i Mowy dok\u0142ada wszelkich stara\u0144 w trosce o jako\u015b\u0107 \u015bwiadczonych us\u0142ug, wysokie standardy oraz komfort i dobre samopoczucie pacjent\u00f3w.","breadcrumb":{"@id":"https:\/\/medincus.pl\/ru\/about-us\/%D0%BF%D1%80%D0%B5%D1%81%D1%81-%D1%81%D0%BB%D1%83%D0%B6%D0%B1%D0%B0\/#breadcrumb"},"inLanguage":"ru-RU","potentialAction":[{"@type":"ReadAction","target":["https:\/\/medincus.pl\/ru\/about-us\/%D0%BF%D1%80%D0%B5%D1%81%D1%81-%D1%81%D0%BB%D1%83%D0%B6%D0%B1%D0%B0\/"]}]},{"@type":"BreadcrumbList","@id":"https:\/\/medincus.pl\/ru\/about-us\/%D0%BF%D1%80%D0%B5%D1%81%D1%81-%D1%81%D0%BB%D1%83%D0%B6%D0%B1%D0%B0\/#breadcrumb","itemListElement":[{"@type":"ListItem","position":1,"name":"Strona g\u0142\u00f3wna","item":"https:\/\/medincus.pl\/ru\/"},{"@type":"ListItem","position":2,"name":"\u041e \u043d\u0430\u0441","item":"https:\/\/medincus.pl\/ru\/about-us\/"},{"@type":"ListItem","position":3,"name":"\u041f\u0440\u0435\u0441\u0441-\u0441\u043b\u0443\u0436\u0431\u0430"}]},{"@type":"WebSite","@id":"https:\/\/medincus.pl\/ru\/#website","url":"https:\/\/medincus.pl\/ru\/","name":"MEDINCUS","description":"","alternateName":"Centrum S\u0142uchu i Mowy Medincus","potentialAction":[{"@type":"SearchAction","target":{"@type":"EntryPoint","urlTemplate":"https:\/\/medincus.pl\/ru\/?s={search_term_string}"},"query-input":{"@type":"PropertyValueSpecification","valueRequired":true,"valueName":"search_term_string"}}],"inLanguage":"ru-RU"}]}},"_links":{"self":[{"href":"https:\/\/medincus.pl\/ru\/wp-json\/wp\/v2\/pages\/8060"}],"collection":[{"href":"https:\/\/medincus.pl\/ru\/wp-json\/wp\/v2\/pages"}],"about":[{"href":"https:\/\/medincus.pl\/ru\/wp-json\/wp\/v2\/types\/page"}],"author":[{"embeddable":true,"href":"https:\/\/medincus.pl\/ru\/wp-json\/wp\/v2\/users\/1"}],"replies":[{"embeddable":true,"href":"https:\/\/medincus.pl\/ru\/wp-json\/wp\/v2\/comments?post=8060"}],"version-history":[{"count":2,"href":"https:\/\/medincus.pl\/ru\/wp-json\/wp\/v2\/pages\/8060\/revisions"}],"predecessor-version":[{"id":44246,"href":"https:\/\/medincus.pl\/ru\/wp-json\/wp\/v2\/pages\/8060\/revisions\/44246"}],"up":[{"embeddable":true,"href":"https:\/\/medincus.pl\/ru\/wp-json\/wp\/v2\/pages\/7993"}],"wp:attachment":[{"href":"https:\/\/medincus.pl\/ru\/wp-json\/wp\/v2\/media?parent=8060"}],"curies":[{"name":"wp","href":"https:\/\/api.w.org\/{rel}","templated":true}]}}