{"id":8039,"date":"2024-05-15T13:07:23","date_gmt":"2024-05-15T11:07:23","guid":{"rendered":"https:\/\/medincus.pl\/%d0%bf%d0%be%d0%bb%d0%b8%d1%82%d0%b8%d0%ba%d0%b0-%d0%b8%d1%81%d0%bf%d0%be%d0%bb%d1%8c%d0%b7%d0%be%d0%b2%d0%b0%d0%bd%d0%b8%d1%8f-%d1%84%d0%b0%d0%b9%d0%bb%d0%be%d0%b2-cookie\/"},"modified":"2025-10-13T07:54:15","modified_gmt":"2025-10-13T05:54:15","slug":"%d0%bf%d0%be%d0%bb%d0%b8%d1%82%d0%b8%d0%ba%d0%b0-%d0%b8%d1%81%d0%bf%d0%be%d0%bb%d1%8c%d0%b7%d0%be%d0%b2%d0%b0%d0%bd%d0%b8%d1%8f-%d1%84%d0%b0%d0%b9%d0%bb%d0%be%d0%b2-cookie","status":"publish","type":"page","link":"https:\/\/medincus.pl\/ru\/%D0%BF%D0%BE%D0%BB%D0%B8%D1%82%D0%B8%D0%BA%D0%B0-%D0%B8%D1%81%D0%BF%D0%BE%D0%BB%D1%8C%D0%B7%D0%BE%D0%B2%D0%B0%D0%BD%D0%B8%D1%8F-%D1%84%D0%B0%D0%B9%D0%BB%D0%BE%D0%B2-cookie\/","title":{"rendered":"\u041f\u043e\u043b\u0438\u0442\u0438\u043a\u0430 \u043e\u0431\u0440\u0430\u0431\u043e\u0442\u043a\u0438 cookie-\u0444\u0430\u0439\u043b\u043e\u0432"},"content":{"rendered":"","protected":false},"excerpt":{"rendered":"","protected":false},"author":1,"featured_media":0,"parent":0,"menu_order":0,"comment_status":"closed","ping_status":"closed","template":"template-generate.php","meta":{"_acf_changed":false,"inline_featured_image":false,"iawp_total_views":5,"footnotes":""},"class_list":["post-8039","page","type-page","status-publish","hentry"],"acf":[],"yoast_head":"<!-- This site is optimized with the Yoast SEO Premium plugin v23.6 (Yoast SEO v23.6) - https:\/\/yoast.com\/wordpress\/plugins\/seo\/ -->\n<title>\u041f\u043e\u043b\u0438\u0442\u0438\u043a\u0430 \u043e\u0431\u0440\u0430\u0431\u043e\u0442\u043a\u0438 cookie-\u0444\u0430\u0439\u043b\u043e\u0432 - CSIM<\/title>\n<meta name=\"description\" content=\"Centrum S\u0142uchu i Mowy dok\u0142ada wszelkich stara\u0144 w trosce o jako\u015b\u0107 \u015bwiadczonych us\u0142ug, wysokie standardy oraz komfort i dobre samopoczucie pacjent\u00f3w.\" \/>\n<meta name=\"robots\" content=\"index, follow, max-snippet:-1, max-image-preview:large, max-video-preview:-1\" \/>\n<link rel=\"canonical\" href=\"https:\/\/medincus.pl\/ru\/\u043f\u043e\u043b\u0438\u0442\u0438\u043a\u0430-\u0438\u0441\u043f\u043e\u043b\u044c\u0437\u043e\u0432\u0430\u043d\u0438\u044f-\u0444\u0430\u0439\u043b\u043e\u0432-cookie\/\" \/>\n<meta property=\"og:locale\" content=\"ru_RU\" \/>\n<meta property=\"og:type\" content=\"article\" \/>\n<meta property=\"og:title\" content=\"\u041f\u043e\u043b\u0438\u0442\u0438\u043a\u0430 \u043e\u0431\u0440\u0430\u0431\u043e\u0442\u043a\u0438 cookie-\u0444\u0430\u0439\u043b\u043e\u0432\" \/>\n<meta property=\"og:description\" content=\"Centrum S\u0142uchu i Mowy dok\u0142ada wszelkich stara\u0144 w trosce o jako\u015b\u0107 \u015bwiadczonych us\u0142ug, wysokie standardy oraz komfort i dobre samopoczucie pacjent\u00f3w.\" \/>\n<meta property=\"og:url\" content=\"https:\/\/medincus.pl\/ru\/\u043f\u043e\u043b\u0438\u0442\u0438\u043a\u0430-\u0438\u0441\u043f\u043e\u043b\u044c\u0437\u043e\u0432\u0430\u043d\u0438\u044f-\u0444\u0430\u0439\u043b\u043e\u0432-cookie\/\" \/>\n<meta property=\"og:site_name\" content=\"CSIM\" \/>\n<meta property=\"article:publisher\" content=\"https:\/\/www.facebook.com\/medincuspl\" \/>\n<meta property=\"article:modified_time\" content=\"2025-10-13T05:54:15+00:00\" \/>\n<meta property=\"og:image\" content=\"https:\/\/medincus.pl\/wp-content\/uploads\/2024\/05\/opengraph.png\" \/>\n\t<meta property=\"og:image:width\" content=\"1200\" \/>\n\t<meta property=\"og:image:height\" content=\"629\" \/>\n\t<meta property=\"og:image:type\" content=\"image\/png\" \/>\n<meta name=\"twitter:card\" content=\"summary_large_image\" \/>\n<script type=\"application\/ld+json\" class=\"yoast-schema-graph\">{\"@context\":\"https:\/\/schema.org\",\"@graph\":[{\"@type\":\"WebPage\",\"@id\":\"https:\/\/medincus.pl\/ru\/%D0%BF%D0%BE%D0%BB%D0%B8%D1%82%D0%B8%D0%BA%D0%B0-%D0%B8%D1%81%D0%BF%D0%BE%D0%BB%D1%8C%D0%B7%D0%BE%D0%B2%D0%B0%D0%BD%D0%B8%D1%8F-%D1%84%D0%B0%D0%B9%D0%BB%D0%BE%D0%B2-cookie\/\",\"url\":\"https:\/\/medincus.pl\/ru\/%D0%BF%D0%BE%D0%BB%D0%B8%D1%82%D0%B8%D0%BA%D0%B0-%D0%B8%D1%81%D0%BF%D0%BE%D0%BB%D1%8C%D0%B7%D0%BE%D0%B2%D0%B0%D0%BD%D0%B8%D1%8F-%D1%84%D0%B0%D0%B9%D0%BB%D0%BE%D0%B2-cookie\/\",\"name\":\"\u041f\u043e\u043b\u0438\u0442\u0438\u043a\u0430 \u043e\u0431\u0440\u0430\u0431\u043e\u0442\u043a\u0438 cookie-\u0444\u0430\u0439\u043b\u043e\u0432 - CSIM\",\"isPartOf\":{\"@id\":\"https:\/\/medincus.pl\/ru\/#website\"},\"datePublished\":\"2024-05-15T11:07:23+00:00\",\"dateModified\":\"2025-10-13T05:54:15+00:00\",\"description\":\"Centrum S\u0142uchu i Mowy dok\u0142ada wszelkich stara\u0144 w trosce o jako\u015b\u0107 \u015bwiadczonych us\u0142ug, wysokie standardy oraz komfort i dobre samopoczucie pacjent\u00f3w.\",\"breadcrumb\":{\"@id\":\"https:\/\/medincus.pl\/ru\/%D0%BF%D0%BE%D0%BB%D0%B8%D1%82%D0%B8%D0%BA%D0%B0-%D0%B8%D1%81%D0%BF%D0%BE%D0%BB%D1%8C%D0%B7%D0%BE%D0%B2%D0%B0%D0%BD%D0%B8%D1%8F-%D1%84%D0%B0%D0%B9%D0%BB%D0%BE%D0%B2-cookie\/#breadcrumb\"},\"inLanguage\":\"ru-RU\",\"potentialAction\":[{\"@type\":\"ReadAction\",\"target\":[\"https:\/\/medincus.pl\/ru\/%D0%BF%D0%BE%D0%BB%D0%B8%D1%82%D0%B8%D0%BA%D0%B0-%D0%B8%D1%81%D0%BF%D0%BE%D0%BB%D1%8C%D0%B7%D0%BE%D0%B2%D0%B0%D0%BD%D0%B8%D1%8F-%D1%84%D0%B0%D0%B9%D0%BB%D0%BE%D0%B2-cookie\/\"]}]},{\"@type\":\"BreadcrumbList\",\"@id\":\"https:\/\/medincus.pl\/ru\/%D0%BF%D0%BE%D0%BB%D0%B8%D1%82%D0%B8%D0%BA%D0%B0-%D0%B8%D1%81%D0%BF%D0%BE%D0%BB%D1%8C%D0%B7%D0%BE%D0%B2%D0%B0%D0%BD%D0%B8%D1%8F-%D1%84%D0%B0%D0%B9%D0%BB%D0%BE%D0%B2-cookie\/#breadcrumb\",\"itemListElement\":[{\"@type\":\"ListItem\",\"position\":1,\"name\":\"Strona g\u0142\u00f3wna\",\"item\":\"https:\/\/medincus.pl\/ru\/\"},{\"@type\":\"ListItem\",\"position\":2,\"name\":\"\u041f\u043e\u043b\u0438\u0442\u0438\u043a\u0430 \u043e\u0431\u0440\u0430\u0431\u043e\u0442\u043a\u0438 cookie-\u0444\u0430\u0439\u043b\u043e\u0432\"}]},{\"@type\":\"WebSite\",\"@id\":\"https:\/\/medincus.pl\/ru\/#website\",\"url\":\"https:\/\/medincus.pl\/ru\/\",\"name\":\"MEDINCUS\",\"description\":\"\",\"alternateName\":\"Centrum S\u0142uchu i Mowy Medincus\",\"potentialAction\":[{\"@type\":\"SearchAction\",\"target\":{\"@type\":\"EntryPoint\",\"urlTemplate\":\"https:\/\/medincus.pl\/ru\/?s={search_term_string}\"},\"query-input\":{\"@type\":\"PropertyValueSpecification\",\"valueRequired\":true,\"valueName\":\"search_term_string\"}}],\"inLanguage\":\"ru-RU\"}]}<\/script>\n<!-- \/ Yoast SEO Premium plugin. -->","yoast_head_json":{"title":"\u041f\u043e\u043b\u0438\u0442\u0438\u043a\u0430 \u043e\u0431\u0440\u0430\u0431\u043e\u0442\u043a\u0438 cookie-\u0444\u0430\u0439\u043b\u043e\u0432 - CSIM","description":"Centrum S\u0142uchu i Mowy dok\u0142ada wszelkich stara\u0144 w trosce o jako\u015b\u0107 \u015bwiadczonych us\u0142ug, wysokie standardy oraz komfort i dobre samopoczucie pacjent\u00f3w.","robots":{"index":"index","follow":"follow","max-snippet":"max-snippet:-1","max-image-preview":"max-image-preview:large","max-video-preview":"max-video-preview:-1"},"canonical":"https:\/\/medincus.pl\/ru\/\u043f\u043e\u043b\u0438\u0442\u0438\u043a\u0430-\u0438\u0441\u043f\u043e\u043b\u044c\u0437\u043e\u0432\u0430\u043d\u0438\u044f-\u0444\u0430\u0439\u043b\u043e\u0432-cookie\/","og_locale":"ru_RU","og_type":"article","og_title":"\u041f\u043e\u043b\u0438\u0442\u0438\u043a\u0430 \u043e\u0431\u0440\u0430\u0431\u043e\u0442\u043a\u0438 cookie-\u0444\u0430\u0439\u043b\u043e\u0432","og_description":"Centrum S\u0142uchu i Mowy dok\u0142ada wszelkich stara\u0144 w trosce o jako\u015b\u0107 \u015bwiadczonych us\u0142ug, wysokie standardy oraz komfort i dobre samopoczucie pacjent\u00f3w.","og_url":"https:\/\/medincus.pl\/ru\/\u043f\u043e\u043b\u0438\u0442\u0438\u043a\u0430-\u0438\u0441\u043f\u043e\u043b\u044c\u0437\u043e\u0432\u0430\u043d\u0438\u044f-\u0444\u0430\u0439\u043b\u043e\u0432-cookie\/","og_site_name":"CSIM","article_publisher":"https:\/\/www.facebook.com\/medincuspl","article_modified_time":"2025-10-13T05:54:15+00:00","og_image":[{"width":1200,"height":629,"url":"https:\/\/medincus.pl\/wp-content\/uploads\/2024\/05\/opengraph.png","type":"image\/png"}],"twitter_card":"summary_large_image","schema":{"@context":"https:\/\/schema.org","@graph":[{"@type":"WebPage","@id":"https:\/\/medincus.pl\/ru\/%D0%BF%D0%BE%D0%BB%D0%B8%D1%82%D0%B8%D0%BA%D0%B0-%D0%B8%D1%81%D0%BF%D0%BE%D0%BB%D1%8C%D0%B7%D0%BE%D0%B2%D0%B0%D0%BD%D0%B8%D1%8F-%D1%84%D0%B0%D0%B9%D0%BB%D0%BE%D0%B2-cookie\/","url":"https:\/\/medincus.pl\/ru\/%D0%BF%D0%BE%D0%BB%D0%B8%D1%82%D0%B8%D0%BA%D0%B0-%D0%B8%D1%81%D0%BF%D0%BE%D0%BB%D1%8C%D0%B7%D0%BE%D0%B2%D0%B0%D0%BD%D0%B8%D1%8F-%D1%84%D0%B0%D0%B9%D0%BB%D0%BE%D0%B2-cookie\/","name":"\u041f\u043e\u043b\u0438\u0442\u0438\u043a\u0430 \u043e\u0431\u0440\u0430\u0431\u043e\u0442\u043a\u0438 cookie-\u0444\u0430\u0439\u043b\u043e\u0432 - CSIM","isPartOf":{"@id":"https:\/\/medincus.pl\/ru\/#website"},"datePublished":"2024-05-15T11:07:23+00:00","dateModified":"2025-10-13T05:54:15+00:00","description":"Centrum S\u0142uchu i Mowy dok\u0142ada wszelkich stara\u0144 w trosce o jako\u015b\u0107 \u015bwiadczonych us\u0142ug, wysokie standardy oraz komfort i dobre samopoczucie pacjent\u00f3w.","breadcrumb":{"@id":"https:\/\/medincus.pl\/ru\/%D0%BF%D0%BE%D0%BB%D0%B8%D1%82%D0%B8%D0%BA%D0%B0-%D0%B8%D1%81%D0%BF%D0%BE%D0%BB%D1%8C%D0%B7%D0%BE%D0%B2%D0%B0%D0%BD%D0%B8%D1%8F-%D1%84%D0%B0%D0%B9%D0%BB%D0%BE%D0%B2-cookie\/#breadcrumb"},"inLanguage":"ru-RU","potentialAction":[{"@type":"ReadAction","target":["https:\/\/medincus.pl\/ru\/%D0%BF%D0%BE%D0%BB%D0%B8%D1%82%D0%B8%D0%BA%D0%B0-%D0%B8%D1%81%D0%BF%D0%BE%D0%BB%D1%8C%D0%B7%D0%BE%D0%B2%D0%B0%D0%BD%D0%B8%D1%8F-%D1%84%D0%B0%D0%B9%D0%BB%D0%BE%D0%B2-cookie\/"]}]},{"@type":"BreadcrumbList","@id":"https:\/\/medincus.pl\/ru\/%D0%BF%D0%BE%D0%BB%D0%B8%D1%82%D0%B8%D0%BA%D0%B0-%D0%B8%D1%81%D0%BF%D0%BE%D0%BB%D1%8C%D0%B7%D0%BE%D0%B2%D0%B0%D0%BD%D0%B8%D1%8F-%D1%84%D0%B0%D0%B9%D0%BB%D0%BE%D0%B2-cookie\/#breadcrumb","itemListElement":[{"@type":"ListItem","position":1,"name":"Strona g\u0142\u00f3wna","item":"https:\/\/medincus.pl\/ru\/"},{"@type":"ListItem","position":2,"name":"\u041f\u043e\u043b\u0438\u0442\u0438\u043a\u0430 \u043e\u0431\u0440\u0430\u0431\u043e\u0442\u043a\u0438 cookie-\u0444\u0430\u0439\u043b\u043e\u0432"}]},{"@type":"WebSite","@id":"https:\/\/medincus.pl\/ru\/#website","url":"https:\/\/medincus.pl\/ru\/","name":"MEDINCUS","description":"","alternateName":"Centrum S\u0142uchu i Mowy Medincus","potentialAction":[{"@type":"SearchAction","target":{"@type":"EntryPoint","urlTemplate":"https:\/\/medincus.pl\/ru\/?s={search_term_string}"},"query-input":{"@type":"PropertyValueSpecification","valueRequired":true,"valueName":"search_term_string"}}],"inLanguage":"ru-RU"}]}},"_links":{"self":[{"href":"https:\/\/medincus.pl\/ru\/wp-json\/wp\/v2\/pages\/8039"}],"collection":[{"href":"https:\/\/medincus.pl\/ru\/wp-json\/wp\/v2\/pages"}],"about":[{"href":"https:\/\/medincus.pl\/ru\/wp-json\/wp\/v2\/types\/page"}],"author":[{"embeddable":true,"href":"https:\/\/medincus.pl\/ru\/wp-json\/wp\/v2\/users\/1"}],"replies":[{"embeddable":true,"href":"https:\/\/medincus.pl\/ru\/wp-json\/wp\/v2\/comments?post=8039"}],"version-history":[{"count":4,"href":"https:\/\/medincus.pl\/ru\/wp-json\/wp\/v2\/pages\/8039\/revisions"}],"predecessor-version":[{"id":46734,"href":"https:\/\/medincus.pl\/ru\/wp-json\/wp\/v2\/pages\/8039\/revisions\/46734"}],"wp:attachment":[{"href":"https:\/\/medincus.pl\/ru\/wp-json\/wp\/v2\/media?parent=8039"}],"curies":[{"name":"wp","href":"https:\/\/api.w.org\/{rel}","templated":true}]}}